{"id":1202,"date":"2019-03-05T13:15:36","date_gmt":"2019-03-05T12:15:36","guid":{"rendered":"https:\/\/academic-m.dk\/kontakt\/"},"modified":"2023-06-08T11:24:52","modified_gmt":"2023-06-08T09:24:52","slug":"kontakt","status":"publish","type":"page","link":"https:\/\/academic-m.dk\/da\/kontakt\/","title":{"rendered":"Kontakt"},"content":{"rendered":"\t\t<div data-elementor-type=\"wp-post\" data-elementor-id=\"1202\" class=\"elementor elementor-1202 elementor-43\">\n\t\t\t\t\t\t<div class=\"elementor-inner\">\n\t\t\t\t<div class=\"elementor-section-wrap\">\n\t\t\t\t\t\t\t<div class=\"elementor-element elementor-element-bc02434 e-flex e-con-boxed e-con\" data-id=\"bc02434\" data-element_type=\"container\" data-settings=\"{&quot;background_background&quot;:&quot;classic&quot;,&quot;content_width&quot;:&quot;boxed&quot;}\">\n\t\t\t\t\t<div class=\"e-con-inner\">\n\t\t\t\t\t<\/div>\n\t\t\t\t<\/div>\n\t\t<div class=\"elementor-element elementor-element-072ee00 e-flex e-con-boxed e-con\" data-id=\"072ee00\" data-element_type=\"container\" data-settings=\"{&quot;content_width&quot;:&quot;boxed&quot;}\">\n\t\t\t\t\t<div class=\"e-con-inner\">\n\t\t<div class=\"elementor-element elementor-element-0c6e356 e-flex e-con-boxed e-con\" data-id=\"0c6e356\" data-element_type=\"container\" data-settings=\"{&quot;background_background&quot;:&quot;classic&quot;,&quot;content_width&quot;:&quot;boxed&quot;}\">\n\t\t\t\t\t<div class=\"e-con-inner\">\n\t\t\t\t<div class=\"elementor-element elementor-element-86b1cd1 elementor-widget elementor-widget-heading\" data-id=\"86b1cd1\" data-element_type=\"widget\" data-widget_type=\"heading.default\">\n\t\t\t\t\t\t<div class=\"elementor-widget-container\">\n\t\t\t<h1 class=\"elementor-heading-title elementor-size-default\">Kontakt mig<\/h1>\t\t<\/div>\n\t\t\t\t<\/div>\n\t\t\t\t\t<\/div>\n\t\t\t\t<\/div>\n\t\t\t\t\t<\/div>\n\t\t\t\t<\/div>\n\t\t<div class=\"elementor-element elementor-element-b635e5e e-flex e-con-boxed e-con\" data-id=\"b635e5e\" data-element_type=\"container\" data-settings=\"{&quot;content_width&quot;:&quot;boxed&quot;}\">\n\t\t\t\t\t<div class=\"e-con-inner\">\n\t\t<div class=\"elementor-element elementor-element-f215552 e-con-full e-flex e-con\" data-id=\"f215552\" data-element_type=\"container\" data-settings=\"{&quot;content_width&quot;:&quot;full&quot;}\">\n\t\t\t\t<div class=\"elementor-element elementor-element-73619c6 elementor-widget elementor-widget-heading\" data-id=\"73619c6\" data-element_type=\"widget\" data-widget_type=\"heading.default\">\n\t\t\t\t\t\t<div class=\"elementor-widget-container\">\n\t\t\t<h2 class=\"elementor-heading-title elementor-size-default\">Skab kontakten<\/h2>\t\t<\/div>\n\t\t\t\t<\/div>\n\t\t\t\t<div class=\"elementor-element elementor-element-c500e28 elementor-widget elementor-widget-text-editor\" data-id=\"c500e28\" data-element_type=\"widget\" data-widget_type=\"text-editor.default\">\n\t\t\t\t\t\t<div class=\"elementor-widget-container\">\n\t\t\t\t\t\t\t\t<div class=\"elementor-text-editor elementor-clearfix\">\n\t\t\t\t<p>Hvis du ikke f\u00f8ler dig klar til at booke coaching eller undervisning og har du nogle sp\u00f8rgsm\u00e5l, s\u00e5 kontakt mig via nedenst\u00e5ende formular. Jeg vender tilbage til dig i l\u00f8bet af 48 timer.<\/p>\n\t\t\t\t\t<\/div>\n\t\t\t\t\t\t<\/div>\n\t\t\t\t<\/div>\n\t\t\t\t<div class=\"elementor-element elementor-element-cf84297 elementor-button-align-stretch elementor-widget elementor-widget-form\" data-id=\"cf84297\" data-element_type=\"widget\" data-settings=\"{&quot;step_next_label&quot;:&quot;N\\u00e6ste&quot;,&quot;step_previous_label&quot;:&quot;Tilbage&quot;,&quot;button_width&quot;:&quot;100&quot;,&quot;step_type&quot;:&quot;number_text&quot;,&quot;step_icon_shape&quot;:&quot;circle&quot;}\" data-widget_type=\"form.default\">\n\t\t\t\t\t\t<div class=\"elementor-widget-container\">\n\t\t\t\t\t<form class=\"elementor-form\" method=\"post\" name=\"Kontaktformular\">\n\t\t\t<input type=\"hidden\" name=\"post_id\" value=\"1202\"\/>\n\t\t\t<input type=\"hidden\" name=\"form_id\" value=\"cf84297\"\/>\n\t\t\t<input type=\"hidden\" name=\"referer_title\" value=\"Academic M\" \/>\n\n\t\t\t\n\t\t\t<div class=\"elementor-form-fields-wrapper elementor-labels-\">\n\t\t\t\t\t\t\t\t<div class=\"elementor-field-type-text elementor-field-group elementor-column elementor-field-group-name elementor-col-100 elementor-field-required\">\n\t\t\t\t\t\t\t\t\t\t\t\t<label for=\"form-field-name\" class=\"elementor-field-label elementor-screen-only\">\n\t\t\t\t\t\t\t\tNavn\t\t\t\t\t\t\t<\/label>\n\t\t\t\t\t\t\t\t\t\t\t\t\t\t<input size=\"1\" type=\"text\" name=\"form_fields[name]\" id=\"form-field-name\" class=\"elementor-field elementor-size-sm  elementor-field-textual\" placeholder=\"Navn\" required=\"required\" aria-required=\"true\">\n\t\t\t\t\t\t\t\t\t\t\t<\/div>\n\t\t\t\t\t\t\t\t<div class=\"elementor-field-type-email elementor-field-group elementor-column elementor-field-group-email elementor-col-100 elementor-field-required\">\n\t\t\t\t\t\t\t\t\t\t\t\t<label for=\"form-field-email\" class=\"elementor-field-label elementor-screen-only\">\n\t\t\t\t\t\t\t\tEmail\t\t\t\t\t\t\t<\/label>\n\t\t\t\t\t\t\t\t\t\t\t\t\t\t<input size=\"1\" type=\"email\" name=\"form_fields[email]\" id=\"form-field-email\" class=\"elementor-field elementor-size-sm  elementor-field-textual\" placeholder=\"Email\" required=\"required\" aria-required=\"true\">\n\t\t\t\t\t\t\t\t\t\t\t<\/div>\n\t\t\t\t\t\t\t\t<div class=\"elementor-field-type-textarea elementor-field-group elementor-column elementor-field-group-message elementor-col-100\">\n\t\t\t\t\t\t\t\t\t\t\t\t<label for=\"form-field-message\" class=\"elementor-field-label elementor-screen-only\">\n\t\t\t\t\t\t\t\tBeksed\t\t\t\t\t\t\t<\/label>\n\t\t\t\t\t\t<textarea class=\"elementor-field-textual elementor-field  elementor-size-sm\" name=\"form_fields[message]\" id=\"form-field-message\" rows=\"3\" placeholder=\"Besked\"><\/textarea>\t\t\t\t<\/div>\n\t\t\t\t\t\t\t\t<div class=\"elementor-field-type-text\">\n\t\t\t\t\t<input size=\"1\" type=\"text\" name=\"form_fields[field_b69cd1d]\" id=\"form-field-field_b69cd1d\" class=\"elementor-field elementor-size-sm \" style=\"display:none !important;\">\t\t\t\t<\/div>\n\t\t\t\t\t\t\t\t<div class=\"elementor-field-group elementor-column elementor-field-type-submit elementor-col-100 e-form__buttons\">\n\t\t\t\t\t<button type=\"submit\" class=\"elementor-button elementor-size-sm\">\n\t\t\t\t\t\t<span >\n\t\t\t\t\t\t\t\t\t\t\t\t\t\t\t<span class=\" elementor-button-icon\">\n\t\t\t\t\t\t\t\t\t\t\t\t\t\t\t\t\t\t\t\t\t\t\t\t\t\t<\/span>\n\t\t\t\t\t\t\t\t\t\t\t\t\t\t\t\t\t\t\t\t\t\t<span class=\"elementor-button-text\">Send<\/span>\n\t\t\t\t\t\t\t\t\t\t\t\t\t<\/span>\n\t\t\t\t\t<\/button>\n\t\t\t\t<\/div>\n\t\t\t<\/div>\n\t\t<\/form>\n\t\t\t\t<\/div>\n\t\t\t\t<\/div>\n\t\t\t\t<\/div>\n\t\t<div class=\"elementor-element elementor-element-cca306c e-con-full e-flex e-con\" data-id=\"cca306c\" data-element_type=\"container\" data-settings=\"{&quot;content_width&quot;:&quot;full&quot;}\">\n\t\t<div class=\"elementor-element elementor-element-d78e82e e-con-full e-flex e-con\" data-id=\"d78e82e\" data-element_type=\"container\" data-settings=\"{&quot;content_width&quot;:&quot;full&quot;}\">\n\t\t\t\t<div class=\"elementor-element elementor-element-780fdcc elementor-widget elementor-widget-image\" data-id=\"780fdcc\" data-element_type=\"widget\" data-widget_type=\"image.default\">\n\t\t\t\t\t\t<div class=\"elementor-widget-container\">\n\t\t\t\t\t\t\t\t<div class=\"elementor-image\">\n\t\t\t\t\t\t\t\t\t\t\t\t<img decoding=\"async\" src=\"https:\/\/academic-m.dk\/wp-content\/uploads\/elementor\/thumbs\/DSC_1085-2-scaled-q7xt5slfnyzskvehjmmhb4zpvcsw5wvhjl0bvtaaiw.jpg\" title=\"DSC_1085-2\" alt=\"DSC_1085-2\" loading=\"lazy\" \/>\t\t\t\t\t\t\t\t\t\t\t\t\t\t<\/div>\n\t\t\t\t\t\t<\/div>\n\t\t\t\t<\/div>\n\t\t\t\t<\/div>\n\t\t\t\t<\/div>\n\t\t\t\t\t<\/div>\n\t\t\t\t<\/div>\n\t\t<div class=\"elementor-element elementor-element-2e9b304 e-flex e-con-boxed e-con\" data-id=\"2e9b304\" data-element_type=\"container\" data-settings=\"{&quot;content_width&quot;:&quot;boxed&quot;}\">\n\t\t\t\t\t<div class=\"e-con-inner\">\n\t\t<div class=\"elementor-element elementor-element-3c60b4a e-flex e-con-boxed e-con\" data-id=\"3c60b4a\" data-element_type=\"container\" data-settings=\"{&quot;background_background&quot;:&quot;classic&quot;,&quot;content_width&quot;:&quot;boxed&quot;}\">\n\t\t\t\t\t<div class=\"e-con-inner\">\n\t\t\t\t<div class=\"elementor-element elementor-element-5aaa029 elementor-widget elementor-widget-heading\" data-id=\"5aaa029\" data-element_type=\"widget\" data-widget_type=\"heading.default\">\n\t\t\t\t\t\t<div class=\"elementor-widget-container\">\n\t\t\t<h2 class=\"elementor-heading-title elementor-size-default\">Book din f\u00f8rste session her<\/h2>\t\t<\/div>\n\t\t\t\t<\/div>\n\t\t\t\t<div class=\"elementor-element elementor-element-a686818 elementor-widget elementor-widget-text-editor\" data-id=\"a686818\" data-element_type=\"widget\" data-widget_type=\"text-editor.default\">\n\t\t\t\t\t\t<div class=\"elementor-widget-container\">\n\t\t\t\t\t\t\t\t<div class=\"elementor-text-editor elementor-clearfix\">\n\t\t\t\t<p><strong>Hvis du leder efter en medf\u00f8lende coach, som vil lytte til dig og give dig yderst effektive strategier og v\u00e6rkt\u00f8jer, der hj\u00e6lper dig med at n\u00e5 dine mentale sundhedsm\u00e5l og overordnede livsm\u00e5l, <a href=\"https:\/\/system.easypractice.net\/book\/academic-m\" target=\"_blank\" rel=\"noopener\"><span style=\"text-decoration: underline;\">s\u00e5 book din f\u00f8rste session her<\/span><\/a><\/strong><\/p>\n\t\t\t\t\t<\/div>\n\t\t\t\t\t\t<\/div>\n\t\t\t\t<\/div>\n\t\t\t\t\t<\/div>\n\t\t\t\t<\/div>\n\t\t\t\t\t<\/div>\n\t\t\t\t<\/div>\n\t\t\t\t\t\t\t\t\t<\/div>\n\t\t\t<\/div>\n\t\t\t\t\t<\/div>\n\t\t","protected":false},"excerpt":{"rendered":"<p>Kontakt mig Skab kontakten Hvis du ikke f\u00f8ler dig klar til at booke coaching eller undervisning og har du nogle sp\u00f8rgsm\u00e5l, s\u00e5 kontakt mig via nedenst\u00e5ende formular. Jeg vender tilbage til dig i l\u00f8bet af 48 timer. Book din f\u00f8rste session her Hvis du leder efter en medf\u00f8lende coach, som vil lytte til dig og [&hellip;]<\/p>\n","protected":false},"author":1,"featured_media":0,"parent":0,"menu_order":0,"comment_status":"closed","ping_status":"closed","template":"","meta":{"_mi_skip_tracking":false,"_monsterinsights_sitenote_active":false,"_monsterinsights_sitenote_note":"","_monsterinsights_sitenote_category":0},"yoast_head":"<!-- This site is optimized with the Yoast SEO plugin v21.8.1 - https:\/\/yoast.com\/wordpress\/plugins\/seo\/ -->\n<title>Kontakt - Academic M<\/title>\n<meta name=\"robots\" content=\"index, follow, max-snippet:-1, max-image-preview:large, max-video-preview:-1\" \/>\n<link rel=\"canonical\" href=\"https:\/\/academic-m.dk\/da\/kontakt\/\" \/>\n<meta property=\"og:locale\" content=\"da_DK\" \/>\n<meta property=\"og:type\" content=\"article\" \/>\n<meta property=\"og:title\" content=\"Kontakt - Academic M\" \/>\n<meta property=\"og:description\" content=\"Kontakt mig Skab kontakten Hvis du ikke f\u00f8ler dig klar til at booke coaching eller undervisning og har du nogle sp\u00f8rgsm\u00e5l, s\u00e5 kontakt mig via nedenst\u00e5ende formular. Jeg vender tilbage til dig i l\u00f8bet af 48 timer. Book din f\u00f8rste session her Hvis du leder efter en medf\u00f8lende coach, som vil lytte til dig og [&hellip;]\" \/>\n<meta property=\"og:url\" content=\"https:\/\/academic-m.dk\/da\/kontakt\/\" \/>\n<meta property=\"og:site_name\" content=\"Academic M\" \/>\n<meta property=\"article:modified_time\" content=\"2023-06-08T09:24:52+00:00\" \/>\n<meta property=\"og:image\" content=\"https:\/\/academic-m.dk\/wp-content\/uploads\/elementor\/thumbs\/DSC_1085-2-scaled-q67kgqs5g4mdffvzs7srp6ldgmkgq37s4niqwy5rk8.jpg\" \/>\n<meta name=\"twitter:card\" content=\"summary_large_image\" \/>\n<meta name=\"twitter:label1\" content=\"Estimeret l\u00e6setid\" \/>\n\t<meta name=\"twitter:data1\" content=\"1 minut\" \/>\n<script type=\"application\/ld+json\" class=\"yoast-schema-graph\">{\"@context\":\"https:\/\/schema.org\",\"@graph\":[{\"@type\":\"WebPage\",\"@id\":\"https:\/\/academic-m.dk\/da\/kontakt\/\",\"url\":\"https:\/\/academic-m.dk\/da\/kontakt\/\",\"name\":\"Kontakt - Academic M\",\"isPartOf\":{\"@id\":\"https:\/\/academic-m.dk\/da\/#website\"},\"datePublished\":\"2019-03-05T12:15:36+00:00\",\"dateModified\":\"2023-06-08T09:24:52+00:00\",\"inLanguage\":\"da-DK\",\"potentialAction\":[{\"@type\":\"ReadAction\",\"target\":[\"https:\/\/academic-m.dk\/da\/kontakt\/\"]}]},{\"@type\":\"WebSite\",\"@id\":\"https:\/\/academic-m.dk\/da\/#website\",\"url\":\"https:\/\/academic-m.dk\/da\/\",\"name\":\"Academic M\",\"description\":\"\",\"publisher\":{\"@id\":\"https:\/\/academic-m.dk\/da\/#organization\"},\"potentialAction\":[{\"@type\":\"SearchAction\",\"target\":{\"@type\":\"EntryPoint\",\"urlTemplate\":\"https:\/\/academic-m.dk\/da\/?s={search_term_string}\"},\"query-input\":\"required name=search_term_string\"}],\"inLanguage\":\"da-DK\"},{\"@type\":\"Organization\",\"@id\":\"https:\/\/academic-m.dk\/da\/#organization\",\"name\":\"Academic M\",\"url\":\"https:\/\/academic-m.dk\/da\/\",\"logo\":{\"@type\":\"ImageObject\",\"inLanguage\":\"da-DK\",\"@id\":\"https:\/\/academic-m.dk\/da\/#\/schema\/logo\/image\/\",\"url\":\"https:\/\/academic-m.dk\/wp-content\/uploads\/Academic-M-Vandret.svg\",\"contentUrl\":\"https:\/\/academic-m.dk\/wp-content\/uploads\/Academic-M-Vandret.svg\",\"width\":372,\"height\":90,\"caption\":\"Academic M\"},\"image\":{\"@id\":\"https:\/\/academic-m.dk\/da\/#\/schema\/logo\/image\/\"}}]}<\/script>\n<!-- \/ Yoast SEO plugin. -->","yoast_head_json":{"title":"Kontakt - Academic M","robots":{"index":"index","follow":"follow","max-snippet":"max-snippet:-1","max-image-preview":"max-image-preview:large","max-video-preview":"max-video-preview:-1"},"canonical":"https:\/\/academic-m.dk\/da\/kontakt\/","og_locale":"da_DK","og_type":"article","og_title":"Kontakt - Academic M","og_description":"Kontakt mig Skab kontakten Hvis du ikke f\u00f8ler dig klar til at booke coaching eller undervisning og har du nogle sp\u00f8rgsm\u00e5l, s\u00e5 kontakt mig via nedenst\u00e5ende formular. Jeg vender tilbage til dig i l\u00f8bet af 48 timer. Book din f\u00f8rste session her Hvis du leder efter en medf\u00f8lende coach, som vil lytte til dig og [&hellip;]","og_url":"https:\/\/academic-m.dk\/da\/kontakt\/","og_site_name":"Academic M","article_modified_time":"2023-06-08T09:24:52+00:00","og_image":[{"url":"https:\/\/academic-m.dk\/wp-content\/uploads\/elementor\/thumbs\/DSC_1085-2-scaled-q67kgqs5g4mdffvzs7srp6ldgmkgq37s4niqwy5rk8.jpg"}],"twitter_card":"summary_large_image","twitter_misc":{"Estimeret l\u00e6setid":"1 minut"},"schema":{"@context":"https:\/\/schema.org","@graph":[{"@type":"WebPage","@id":"https:\/\/academic-m.dk\/da\/kontakt\/","url":"https:\/\/academic-m.dk\/da\/kontakt\/","name":"Kontakt - Academic M","isPartOf":{"@id":"https:\/\/academic-m.dk\/da\/#website"},"datePublished":"2019-03-05T12:15:36+00:00","dateModified":"2023-06-08T09:24:52+00:00","inLanguage":"da-DK","potentialAction":[{"@type":"ReadAction","target":["https:\/\/academic-m.dk\/da\/kontakt\/"]}]},{"@type":"WebSite","@id":"https:\/\/academic-m.dk\/da\/#website","url":"https:\/\/academic-m.dk\/da\/","name":"Academic M","description":"","publisher":{"@id":"https:\/\/academic-m.dk\/da\/#organization"},"potentialAction":[{"@type":"SearchAction","target":{"@type":"EntryPoint","urlTemplate":"https:\/\/academic-m.dk\/da\/?s={search_term_string}"},"query-input":"required name=search_term_string"}],"inLanguage":"da-DK"},{"@type":"Organization","@id":"https:\/\/academic-m.dk\/da\/#organization","name":"Academic M","url":"https:\/\/academic-m.dk\/da\/","logo":{"@type":"ImageObject","inLanguage":"da-DK","@id":"https:\/\/academic-m.dk\/da\/#\/schema\/logo\/image\/","url":"https:\/\/academic-m.dk\/wp-content\/uploads\/Academic-M-Vandret.svg","contentUrl":"https:\/\/academic-m.dk\/wp-content\/uploads\/Academic-M-Vandret.svg","width":372,"height":90,"caption":"Academic M"},"image":{"@id":"https:\/\/academic-m.dk\/da\/#\/schema\/logo\/image\/"}}]}},"_links":{"self":[{"href":"https:\/\/academic-m.dk\/da\/wp-json\/wp\/v2\/pages\/1202"}],"collection":[{"href":"https:\/\/academic-m.dk\/da\/wp-json\/wp\/v2\/pages"}],"about":[{"href":"https:\/\/academic-m.dk\/da\/wp-json\/wp\/v2\/types\/page"}],"author":[{"embeddable":true,"href":"https:\/\/academic-m.dk\/da\/wp-json\/wp\/v2\/users\/1"}],"replies":[{"embeddable":true,"href":"https:\/\/academic-m.dk\/da\/wp-json\/wp\/v2\/comments?post=1202"}],"version-history":[{"count":1,"href":"https:\/\/academic-m.dk\/da\/wp-json\/wp\/v2\/pages\/1202\/revisions"}],"predecessor-version":[{"id":1203,"href":"https:\/\/academic-m.dk\/da\/wp-json\/wp\/v2\/pages\/1202\/revisions\/1203"}],"wp:attachment":[{"href":"https:\/\/academic-m.dk\/da\/wp-json\/wp\/v2\/media?parent=1202"}],"curies":[{"name":"wp","href":"https:\/\/api.w.org\/{rel}","templated":true}]}}