{"id":1212,"date":"2023-06-08T12:32:19","date_gmt":"2023-06-08T10:32:19","guid":{"rendered":"https:\/\/academic-m.dk\/?page_id=1212"},"modified":"2023-06-08T12:38:30","modified_gmt":"2023-06-08T10:38:30","slug":"undervisning","status":"publish","type":"page","link":"https:\/\/academic-m.dk\/da\/undervisning\/","title":{"rendered":"Undervisning"},"content":{"rendered":"\t\t<div data-elementor-type=\"wp-page\" data-elementor-id=\"1212\" class=\"elementor elementor-1212\">\n\t\t\t\t\t\t<div class=\"elementor-inner\">\n\t\t\t\t<div class=\"elementor-section-wrap\">\n\t\t\t\t\t\t\t<div class=\"elementor-element elementor-element-297557a e-flex e-con-boxed e-con\" data-id=\"297557a\" data-element_type=\"container\" data-settings=\"{&quot;background_background&quot;:&quot;classic&quot;,&quot;content_width&quot;:&quot;boxed&quot;}\">\n\t\t\t\t\t<div class=\"e-con-inner\">\n\t\t\t\t\t<\/div>\n\t\t\t\t<\/div>\n\t\t<div class=\"elementor-element elementor-element-04537ff e-flex e-con-boxed e-con\" data-id=\"04537ff\" data-element_type=\"container\" data-settings=\"{&quot;content_width&quot;:&quot;boxed&quot;}\">\n\t\t\t\t\t<div class=\"e-con-inner\">\n\t\t<div class=\"elementor-element elementor-element-3cb155d e-flex e-con-boxed e-con\" data-id=\"3cb155d\" data-element_type=\"container\" data-settings=\"{&quot;background_background&quot;:&quot;classic&quot;,&quot;content_width&quot;:&quot;boxed&quot;}\">\n\t\t\t\t\t<div class=\"e-con-inner\">\n\t\t\t\t<div class=\"elementor-element elementor-element-95429d5 elementor-widget elementor-widget-heading\" data-id=\"95429d5\" data-element_type=\"widget\" data-widget_type=\"heading.default\">\n\t\t\t\t\t\t<\/div>\n\t\t\t\t\t<\/div>\n\t\t\t\t<\/div>\n\t\t\t\t\t<\/div>\n\t\t\t\t<\/div>\n\t\t<div class=\"elementor-element elementor-element-046f0d7 e-flex e-con-boxed e-con\" data-id=\"046f0d7\" data-element_type=\"container\" data-settings=\"{&quot;content_width&quot;:&quot;boxed&quot;}\">\n\t\t\t\t\t<div class=\"e-con-inner\">\n\t\t<div class=\"elementor-element elementor-element-f0bd01b e-con-full e-flex e-con\" data-id=\"f0bd01b\" data-element_type=\"container\" data-settings=\"{&quot;content_width&quot;:&quot;full&quot;}\">\n\t\t\t\t<div class=\"elementor-element elementor-element-429a256 elementor-widget elementor-widget-heading\" data-id=\"429a256\" data-element_type=\"widget\" data-widget_type=\"heading.default\">\n\t\t\t\t\t\t<div class=\"elementor-widget-container\">\n\t\t\t<h2 class=\"elementor-heading-title elementor-size-default\">Engelskundervisning<\/h2>\t\t<\/div>\n\t\t\t\t<\/div>\n\t\t\t\t<div class=\"elementor-element elementor-element-cc1cf6f elementor-widget elementor-widget-text-editor\" data-id=\"cc1cf6f\" data-element_type=\"widget\" data-widget_type=\"text-editor.default\">\n\t\t\t\t\t\t<div class=\"elementor-widget-container\">\n\t\t\t\t\t\t\t\t<div class=\"elementor-text-editor elementor-clearfix\">\n\t\t\t\t<p>Jeg er uddannet l\u00e6rer (linjefag i engelsk og tysk, modul i b\u00f8rne- og ungepsykologi) og har undervist p\u00e5 folkeskoler, friskoler og erhvervsskoler.<\/p><p>Siden 2002 har jeg som l\u00e6rer hjulpet flere elever med at overkomme sprogbarrierer. Jeg er sikker p\u00e5, at jeg ogs\u00e5 kan g\u00f8re en stor forskel for dig eller dit barn.<\/p><p><strong>Min undervisning er engageret og varieret, og du deltager aktivt i forl\u00f8bet, som skr\u00e6ddersys i samarbejdet med dig:<\/strong><\/p>\t\t\t\t\t<\/div>\n\t\t\t\t\t\t<\/div>\n\t\t\t\t<\/div>\n\t\t\t\t<div class=\"elementor-element elementor-element-07f1399 elementor-icon-list--layout-traditional elementor-list-item-link-full_width elementor-widget elementor-widget-icon-list\" data-id=\"07f1399\" data-element_type=\"widget\" data-widget_type=\"icon-list.default\">\n\t\t\t\t\t\t<div class=\"elementor-widget-container\">\n\t\t\t\t\t<ul class=\"elementor-icon-list-items\">\n\t\t\t\t\t\t\t<li class=\"elementor-icon-list-item\">\n\t\t\t\t\t\t\t\t\t\t\t<span class=\"elementor-icon-list-icon\">\n\t\t\t\t\t\t\t<i aria-hidden=\"true\" class=\"fas fa-caret-right\"><\/i>\t\t\t\t\t\t<\/span>\n\t\t\t\t\t\t\t\t\t\t<span class=\"elementor-icon-list-text\">Et kort forl\u00f8b op til eksamen (hvis du gerne vil tr\u00e6ne grammatik, udtale eller \u00f8ve din pr\u00e6sentation)<\/span>\n\t\t\t\t\t\t\t\t\t<\/li>\n\t\t\t\t\t\t\t\t<li class=\"elementor-icon-list-item\">\n\t\t\t\t\t\t\t\t\t\t\t<span class=\"elementor-icon-list-icon\">\n\t\t\t\t\t\t\t<i aria-hidden=\"true\" class=\"fas fa-caret-right\"><\/i>\t\t\t\t\t\t<\/span>\n\t\t\t\t\t\t\t\t\t\t<span class=\"elementor-icon-list-text\">Et kort brush up-kursus op til studiestart (hvis du tr\u00e6nger til en genopfriskning)<\/span>\n\t\t\t\t\t\t\t\t\t<\/li>\n\t\t\t\t\t\t\t\t<li class=\"elementor-icon-list-item\">\n\t\t\t\t\t\t\t\t\t\t\t<span class=\"elementor-icon-list-icon\">\n\t\t\t\t\t\t\t<i aria-hidden=\"true\" class=\"fas fa-caret-right\"><\/i>\t\t\t\t\t\t<\/span>\n\t\t\t\t\t\t\t\t\t\t<span class=\"elementor-icon-list-text\">Et l\u00e6ngerevarende forl\u00f8b med en fast lektion hver uge (med fokus p\u00e5 ordforr\u00e5d, grammatik og udtale)<\/span>\n\t\t\t\t\t\t\t\t\t<\/li>\n\t\t\t\t\t\t<\/ul>\n\t\t\t\t<\/div>\n\t\t\t\t<\/div>\n\t\t\t\t<div class=\"elementor-element elementor-element-e8012ac elementor-mobile-align-center elementor-widget elementor-widget-button\" data-id=\"e8012ac\" data-element_type=\"widget\" data-widget_type=\"button.default\">\n\t\t\t\t\t\t<div class=\"elementor-widget-container\">\n\t\t\t\t\t<div class=\"elementor-button-wrapper\">\n\t\t\t<a class=\"elementor-button elementor-button-link elementor-size-sm\" href=\"https:\/\/system.easypractice.net\/book\/academic-m\" target=\"_blank\">\n\t\t\t\t\t\t<span class=\"elementor-button-content-wrapper\">\n\t\t\t\t\t\t<span class=\"elementor-button-text\">Book en undervisningstime her<\/span>\n\t\t<\/span>\n\t\t\t\t\t<\/a>\n\t\t<\/div>\n\t\t\t\t<\/div>\n\t\t\t\t<\/div>\n\t\t\t\t<\/div>\n\t\t<div class=\"elementor-element elementor-element-ba439f3 e-con-full e-flex e-con\" data-id=\"ba439f3\" data-element_type=\"container\" data-settings=\"{&quot;content_width&quot;:&quot;full&quot;}\">\n\t\t<div class=\"elementor-element elementor-element-99543f9 e-con-full e-flex e-con\" data-id=\"99543f9\" data-element_type=\"container\" data-settings=\"{&quot;content_width&quot;:&quot;full&quot;}\">\n\t\t\t\t<div class=\"elementor-element elementor-element-92c7856 elementor-widget elementor-widget-image\" data-id=\"92c7856\" data-element_type=\"widget\" data-widget_type=\"image.default\">\n\t\t\t\t\t\t<div class=\"elementor-widget-container\">\n\t\t\t\t\t\t\t\t<div class=\"elementor-image\">\n\t\t\t\t\t\t\t\t\t\t\t\t<img decoding=\"async\" src=\"https:\/\/academic-m.dk\/wp-content\/uploads\/elementor\/thumbs\/DSC_1041-2-scaled-q7xt5myeiys2n7mogk6pw6eyb1kovq93it3f05ink8.jpg\" title=\"DSC_1041-2\" alt=\"DSC_1041-2\" loading=\"lazy\" \/>\t\t\t\t\t\t\t\t\t\t\t\t\t\t<\/div>\n\t\t\t\t\t\t<\/div>\n\t\t\t\t<\/div>\n\t\t\t\t<\/div>\n\t\t\t\t<\/div>\n\t\t\t\t\t<\/div>\n\t\t\t\t<\/div>\n\t\t<div class=\"elementor-element elementor-element-d399741 e-flex e-con-boxed e-con\" data-id=\"d399741\" data-element_type=\"container\" data-settings=\"{&quot;content_width&quot;:&quot;boxed&quot;}\">\n\t\t\t\t\t<div class=\"e-con-inner\">\n\t\t<div class=\"elementor-element elementor-element-fa4e64d e-con-full e-flex e-con\" data-id=\"fa4e64d\" data-element_type=\"container\" data-settings=\"{&quot;content_width&quot;:&quot;full&quot;}\">\n\t\t<div class=\"elementor-element elementor-element-2b946d3 e-con-full e-flex e-con\" data-id=\"2b946d3\" data-element_type=\"container\" data-settings=\"{&quot;content_width&quot;:&quot;full&quot;}\">\n\t\t\t\t<div class=\"elementor-element elementor-element-1b24219 elementor-widget elementor-widget-image\" data-id=\"1b24219\" data-element_type=\"widget\" data-widget_type=\"image.default\">\n\t\t\t\t\t\t<div class=\"elementor-widget-container\">\n\t\t\t\t\t\t\t\t<div class=\"elementor-image\">\n\t\t\t\t\t\t\t\t\t\t\t\t<img decoding=\"async\" src=\"https:\/\/academic-m.dk\/wp-content\/uploads\/elementor\/thumbs\/DSC_1065-2-scaled-q7xt5ou2wmunafjy5kzz15xvhtbfb4gk72edypg0dw.jpg\" title=\"DSC_1065-2\" alt=\"DSC_1065-2\" loading=\"lazy\" \/>\t\t\t\t\t\t\t\t\t\t\t\t\t\t<\/div>\n\t\t\t\t\t\t<\/div>\n\t\t\t\t<\/div>\n\t\t\t\t<\/div>\n\t\t\t\t<\/div>\n\t\t<div class=\"elementor-element elementor-element-023bce6 e-con-full e-flex e-con\" data-id=\"023bce6\" data-element_type=\"container\" data-settings=\"{&quot;content_width&quot;:&quot;full&quot;}\">\n\t\t\t\t<div class=\"elementor-element elementor-element-26cc092 elementor-widget elementor-widget-text-editor\" data-id=\"26cc092\" data-element_type=\"widget\" data-widget_type=\"text-editor.default\">\n\t\t\t\t\t\t<div class=\"elementor-widget-container\">\n\t\t\t\t\t\t\t\t<div class=\"elementor-text-editor elementor-clearfix\">\n\t\t\t\t<p>Jeg arbejder med m\u00e5let om, at du skal kunne forst\u00e5 mennesker i den engelsktalende verden ud fra deres kultur og historie. Gennem forskellige tekster og genrer f\u00e5r du viden om engelsk som verdenssprog, l\u00e6rer forskellige varianter af engelsk og f\u00e5r kendskab til traditioner i Storbritannien, USA, Australien og New Zealand.<\/p><p>Du kommer til at arbejde med digitale materialer, som passer til dit niveau og dine sproglige m\u00e5l. Du kan styrke b\u00e5de dine mundtlige og skriftlige kompetencer (undervisningstimer kan kombineres med hjemmeopgaver).<\/p><p>Jeg benytter CEF-skalaen (Common European Framework), som er internationalt anerkendt v\u00e6rkt\u00f8j til vurdering af fremmedsprogskompetencer.<\/p><p>Inden du starter privat engelskundervisning, afholder vi en indledende samtale om niveau og forventninger\/m\u00e5l.<\/p><p>Alle online timer er forudbetalte, s\u00e5 du beh\u00f8ver hverken bekymre dig om ekstra gebyrer eller huske at betale fakturaen senere.<\/p><p>Alle undervisningstimer tilbydes som enkelttimer, s\u00e5 du kan bestille s\u00e5 mange ekstra timer, som du har brug for \u2013 det giver dig \u00f8konomisk fleksibilitet.<\/p><p>Jeg bruger forskellige digitale platforme til at facilitere undervisning for at g\u00f8re det mere bekvemt for dig. F\u00f8lgende muligheder er tilg\u00e6ngelige: Skype, Facebook Messenger og Google Meet.<\/p>\t\t\t\t\t<\/div>\n\t\t\t\t\t\t<\/div>\n\t\t\t\t<\/div>\n\t\t\t\t<div class=\"elementor-element elementor-element-591c7b1 elementor-mobile-align-center elementor-widget elementor-widget-button\" data-id=\"591c7b1\" data-element_type=\"widget\" data-widget_type=\"button.default\">\n\t\t\t\t\t\t<div class=\"elementor-widget-container\">\n\t\t\t\t\t<div class=\"elementor-button-wrapper\">\n\t\t\t<a class=\"elementor-button elementor-button-link elementor-size-sm\" href=\"https:\/\/system.easypractice.net\/book\/academic-m\" target=\"_blank\">\n\t\t\t\t\t\t<span class=\"elementor-button-content-wrapper\">\n\t\t\t\t\t\t<span class=\"elementor-button-text\">Book en undervisningstime her<\/span>\n\t\t<\/span>\n\t\t\t\t\t<\/a>\n\t\t<\/div>\n\t\t\t\t<\/div>\n\t\t\t\t<\/div>\n\t\t\t\t<\/div>\n\t\t\t\t\t<\/div>\n\t\t\t\t<\/div>\n\t\t\t\t\t\t\t\t\t<\/div>\n\t\t\t<\/div>\n\t\t\t\t\t<\/div>\n\t\t","protected":false},"excerpt":{"rendered":"<p>Engelskundervisning Jeg er uddannet l\u00e6rer (linjefag i engelsk og tysk, modul i b\u00f8rne- og ungepsykologi) og har undervist p\u00e5 folkeskoler, friskoler og erhvervsskoler. Siden 2002 har jeg som l\u00e6rer hjulpet flere elever med at overkomme sprogbarrierer. Jeg er sikker p\u00e5, at jeg ogs\u00e5 kan g\u00f8re en stor forskel for dig eller dit barn. Min undervisning [&hellip;]<\/p>\n","protected":false},"author":1,"featured_media":0,"parent":0,"menu_order":0,"comment_status":"closed","ping_status":"closed","template":"","meta":{"_mi_skip_tracking":false,"_monsterinsights_sitenote_active":false,"_monsterinsights_sitenote_note":"","_monsterinsights_sitenote_category":0},"yoast_head":"<!-- This site is optimized with the Yoast SEO plugin v21.8.1 - https:\/\/yoast.com\/wordpress\/plugins\/seo\/ -->\n<title>Undervisning - Academic M<\/title>\n<meta name=\"robots\" content=\"index, follow, max-snippet:-1, max-image-preview:large, max-video-preview:-1\" \/>\n<link rel=\"canonical\" href=\"https:\/\/academic-m.dk\/da\/undervisning\/\" \/>\n<meta property=\"og:locale\" content=\"da_DK\" \/>\n<meta property=\"og:type\" content=\"article\" \/>\n<meta property=\"og:title\" content=\"Undervisning - Academic M\" \/>\n<meta property=\"og:description\" content=\"Engelskundervisning Jeg er uddannet l\u00e6rer (linjefag i engelsk og tysk, modul i b\u00f8rne- og ungepsykologi) og har undervist p\u00e5 folkeskoler, friskoler og erhvervsskoler. Siden 2002 har jeg som l\u00e6rer hjulpet flere elever med at overkomme sprogbarrierer. Jeg er sikker p\u00e5, at jeg ogs\u00e5 kan g\u00f8re en stor forskel for dig eller dit barn. Min undervisning [&hellip;]\" \/>\n<meta property=\"og:url\" content=\"https:\/\/academic-m.dk\/da\/undervisning\/\" \/>\n<meta property=\"og:site_name\" content=\"Academic M\" \/>\n<meta property=\"article:modified_time\" content=\"2023-06-08T10:38:30+00:00\" \/>\n<meta property=\"og:image\" content=\"https:\/\/academic-m.dk\/wp-content\/uploads\/elementor\/thumbs\/DSC_1041-2-scaled-q7nl43lf055t7hbmgdi66ni6heuyosi7vonjhiqmyw.jpg\" \/>\n<meta name=\"twitter:card\" content=\"summary_large_image\" \/>\n<meta name=\"twitter:label1\" content=\"Estimeret l\u00e6setid\" \/>\n\t<meta name=\"twitter:data1\" content=\"3 minutter\" \/>\n<script type=\"application\/ld+json\" class=\"yoast-schema-graph\">{\"@context\":\"https:\/\/schema.org\",\"@graph\":[{\"@type\":\"WebPage\",\"@id\":\"https:\/\/academic-m.dk\/da\/undervisning\/\",\"url\":\"https:\/\/academic-m.dk\/da\/undervisning\/\",\"name\":\"Undervisning - Academic M\",\"isPartOf\":{\"@id\":\"https:\/\/academic-m.dk\/da\/#website\"},\"datePublished\":\"2023-06-08T10:32:19+00:00\",\"dateModified\":\"2023-06-08T10:38:30+00:00\",\"inLanguage\":\"da-DK\",\"potentialAction\":[{\"@type\":\"ReadAction\",\"target\":[\"https:\/\/academic-m.dk\/da\/undervisning\/\"]}]},{\"@type\":\"WebSite\",\"@id\":\"https:\/\/academic-m.dk\/da\/#website\",\"url\":\"https:\/\/academic-m.dk\/da\/\",\"name\":\"Academic M\",\"description\":\"\",\"publisher\":{\"@id\":\"https:\/\/academic-m.dk\/da\/#organization\"},\"potentialAction\":[{\"@type\":\"SearchAction\",\"target\":{\"@type\":\"EntryPoint\",\"urlTemplate\":\"https:\/\/academic-m.dk\/da\/?s={search_term_string}\"},\"query-input\":\"required name=search_term_string\"}],\"inLanguage\":\"da-DK\"},{\"@type\":\"Organization\",\"@id\":\"https:\/\/academic-m.dk\/da\/#organization\",\"name\":\"Academic M\",\"url\":\"https:\/\/academic-m.dk\/da\/\",\"logo\":{\"@type\":\"ImageObject\",\"inLanguage\":\"da-DK\",\"@id\":\"https:\/\/academic-m.dk\/da\/#\/schema\/logo\/image\/\",\"url\":\"https:\/\/academic-m.dk\/wp-content\/uploads\/Academic-M-Vandret.svg\",\"contentUrl\":\"https:\/\/academic-m.dk\/wp-content\/uploads\/Academic-M-Vandret.svg\",\"width\":372,\"height\":90,\"caption\":\"Academic M\"},\"image\":{\"@id\":\"https:\/\/academic-m.dk\/da\/#\/schema\/logo\/image\/\"}}]}<\/script>\n<!-- \/ Yoast SEO plugin. -->","yoast_head_json":{"title":"Undervisning - Academic M","robots":{"index":"index","follow":"follow","max-snippet":"max-snippet:-1","max-image-preview":"max-image-preview:large","max-video-preview":"max-video-preview:-1"},"canonical":"https:\/\/academic-m.dk\/da\/undervisning\/","og_locale":"da_DK","og_type":"article","og_title":"Undervisning - Academic M","og_description":"Engelskundervisning Jeg er uddannet l\u00e6rer (linjefag i engelsk og tysk, modul i b\u00f8rne- og ungepsykologi) og har undervist p\u00e5 folkeskoler, friskoler og erhvervsskoler. Siden 2002 har jeg som l\u00e6rer hjulpet flere elever med at overkomme sprogbarrierer. Jeg er sikker p\u00e5, at jeg ogs\u00e5 kan g\u00f8re en stor forskel for dig eller dit barn. Min undervisning [&hellip;]","og_url":"https:\/\/academic-m.dk\/da\/undervisning\/","og_site_name":"Academic M","article_modified_time":"2023-06-08T10:38:30+00:00","og_image":[{"url":"https:\/\/academic-m.dk\/wp-content\/uploads\/elementor\/thumbs\/DSC_1041-2-scaled-q7nl43lf055t7hbmgdi66ni6heuyosi7vonjhiqmyw.jpg"}],"twitter_card":"summary_large_image","twitter_misc":{"Estimeret l\u00e6setid":"3 minutter"},"schema":{"@context":"https:\/\/schema.org","@graph":[{"@type":"WebPage","@id":"https:\/\/academic-m.dk\/da\/undervisning\/","url":"https:\/\/academic-m.dk\/da\/undervisning\/","name":"Undervisning - Academic M","isPartOf":{"@id":"https:\/\/academic-m.dk\/da\/#website"},"datePublished":"2023-06-08T10:32:19+00:00","dateModified":"2023-06-08T10:38:30+00:00","inLanguage":"da-DK","potentialAction":[{"@type":"ReadAction","target":["https:\/\/academic-m.dk\/da\/undervisning\/"]}]},{"@type":"WebSite","@id":"https:\/\/academic-m.dk\/da\/#website","url":"https:\/\/academic-m.dk\/da\/","name":"Academic M","description":"","publisher":{"@id":"https:\/\/academic-m.dk\/da\/#organization"},"potentialAction":[{"@type":"SearchAction","target":{"@type":"EntryPoint","urlTemplate":"https:\/\/academic-m.dk\/da\/?s={search_term_string}"},"query-input":"required name=search_term_string"}],"inLanguage":"da-DK"},{"@type":"Organization","@id":"https:\/\/academic-m.dk\/da\/#organization","name":"Academic M","url":"https:\/\/academic-m.dk\/da\/","logo":{"@type":"ImageObject","inLanguage":"da-DK","@id":"https:\/\/academic-m.dk\/da\/#\/schema\/logo\/image\/","url":"https:\/\/academic-m.dk\/wp-content\/uploads\/Academic-M-Vandret.svg","contentUrl":"https:\/\/academic-m.dk\/wp-content\/uploads\/Academic-M-Vandret.svg","width":372,"height":90,"caption":"Academic M"},"image":{"@id":"https:\/\/academic-m.dk\/da\/#\/schema\/logo\/image\/"}}]}},"_links":{"self":[{"href":"https:\/\/academic-m.dk\/da\/wp-json\/wp\/v2\/pages\/1212"}],"collection":[{"href":"https:\/\/academic-m.dk\/da\/wp-json\/wp\/v2\/pages"}],"about":[{"href":"https:\/\/academic-m.dk\/da\/wp-json\/wp\/v2\/types\/page"}],"author":[{"embeddable":true,"href":"https:\/\/academic-m.dk\/da\/wp-json\/wp\/v2\/users\/1"}],"replies":[{"embeddable":true,"href":"https:\/\/academic-m.dk\/da\/wp-json\/wp\/v2\/comments?post=1212"}],"version-history":[{"count":10,"href":"https:\/\/academic-m.dk\/da\/wp-json\/wp\/v2\/pages\/1212\/revisions"}],"predecessor-version":[{"id":1373,"href":"https:\/\/academic-m.dk\/da\/wp-json\/wp\/v2\/pages\/1212\/revisions\/1373"}],"wp:attachment":[{"href":"https:\/\/academic-m.dk\/da\/wp-json\/wp\/v2\/media?parent=1212"}],"curies":[{"name":"wp","href":"https:\/\/api.w.org\/{rel}","templated":true}]}}