{"id":1416,"date":"2023-05-15T12:26:37","date_gmt":"2023-05-15T10:26:37","guid":{"rendered":"https:\/\/academic-m.dk\/vilkaar-og-betingelser\/"},"modified":"2023-06-24T02:52:36","modified_gmt":"2023-06-24T00:52:36","slug":"vilkaar-og-betingelser","status":"publish","type":"page","link":"https:\/\/academic-m.dk\/da\/vilkaar-og-betingelser\/","title":{"rendered":"Vilk\u00e5r og betingelser"},"content":{"rendered":"\t\t<div data-elementor-type=\"wp-page\" data-elementor-id=\"1416\" class=\"elementor elementor-1416 elementor-954\">\n\t\t\t\t\t\t<div class=\"elementor-inner\">\n\t\t\t\t<div class=\"elementor-section-wrap\">\n\t\t\t\t\t\t\t<div class=\"elementor-element elementor-element-08b71f8 e-flex e-con-boxed e-con\" data-id=\"08b71f8\" data-element_type=\"container\" data-settings=\"{&quot;background_background&quot;:&quot;classic&quot;,&quot;content_width&quot;:&quot;boxed&quot;}\">\n\t\t\t\t\t<div class=\"e-con-inner\">\n\t\t\t\t\t<\/div>\n\t\t\t\t<\/div>\n\t\t<div class=\"elementor-element elementor-element-73e5d79 e-flex e-con-boxed e-con\" data-id=\"73e5d79\" data-element_type=\"container\" data-settings=\"{&quot;content_width&quot;:&quot;boxed&quot;}\">\n\t\t\t\t\t<div class=\"e-con-inner\">\n\t\t<div class=\"elementor-element elementor-element-bcdc1ef e-flex e-con-boxed e-con\" data-id=\"bcdc1ef\" data-element_type=\"container\" data-settings=\"{&quot;background_background&quot;:&quot;classic&quot;,&quot;content_width&quot;:&quot;boxed&quot;}\">\n\t\t\t\t\t<div class=\"e-con-inner\">\n\t\t\t\t<div class=\"elementor-element elementor-element-5b66a72 elementor-widget elementor-widget-heading\" data-id=\"5b66a72\" data-element_type=\"widget\" data-widget_type=\"heading.default\">\n\t\t\t\t\t\t<div class=\"elementor-widget-container\">\n\t\t\t<h1 class=\"elementor-heading-title elementor-size-default\">Vilk\u00e5r og betingelser<\/h1>\t\t<\/div>\n\t\t\t\t<\/div>\n\t\t\t\t\t<\/div>\n\t\t\t\t<\/div>\n\t\t\t\t\t<\/div>\n\t\t\t\t<\/div>\n\t\t<div class=\"elementor-element elementor-element-fc5ec2e e-flex e-con-boxed e-con\" data-id=\"fc5ec2e\" data-element_type=\"container\" data-settings=\"{&quot;content_width&quot;:&quot;boxed&quot;}\">\n\t\t\t\t\t<div class=\"e-con-inner\">\n\t\t\t\t<div class=\"elementor-element elementor-element-3618f2c elementor-widget elementor-widget-text-editor\" data-id=\"3618f2c\" data-element_type=\"widget\" data-widget_type=\"text-editor.default\">\n\t\t\t\t\t\t<div class=\"elementor-widget-container\">\n\t\t\t\t\t\t\t\t<div class=\"elementor-text-editor elementor-clearfix\">\n\t\t\t\t<p><strong>Vilk\u00e5r og betingelser for Academic-M er g\u00e6ldende fra den 1. juni 2023.<\/strong><\/p>\n<p>Produkter og tjenester tilbydes af:<\/p>\n<ul>\n<li>Coach og privatl\u00e6rer Marina Andersen<\/li>\n<li>Academic-M<\/li>\n<li>info@academic-m.dk<\/li>\n<li>tlf. (+45) 60 14 88 35<\/li>\n<li>S\u00f8bakkerne 80<\/li>\n<li>5762 Vester Skerninge<\/li>\n<li>Danmark<\/li>\n<\/ul>\t\t\t\t\t<\/div>\n\t\t\t\t\t\t<\/div>\n\t\t\t\t<\/div>\n\t\t\t\t\t<\/div>\n\t\t\t\t<\/div>\n\t\t<div class=\"elementor-element elementor-element-4a55c61 e-flex e-con-boxed e-con\" data-id=\"4a55c61\" data-element_type=\"container\" data-settings=\"{&quot;content_width&quot;:&quot;boxed&quot;}\">\n\t\t\t\t\t<div class=\"e-con-inner\">\n\t\t\t\t<div class=\"elementor-element elementor-element-d49ae5f elementor-widget elementor-widget-text-editor\" data-id=\"d49ae5f\" data-element_type=\"widget\" data-widget_type=\"text-editor.default\">\n\t\t\t\t\t\t<div class=\"elementor-widget-container\">\n\t\t\t\t\t\t\t\t<div class=\"elementor-text-editor elementor-clearfix\">\n\t\t\t\t<ol>\n<li>Ved at bruge denne hjemmeside, accepterer du f\u00f8lgende vilk\u00e5r og betingelser. Academic-M kan \u00e6ndre disse vilk\u00e5r og betingelser uden varsel.<\/li>\n<li>Indholdet p\u00e5 denne hjemmeside er til din generelle information og brug. Det kan \u00e6ndres uden varsel.<\/li>\n<li>Alle coachingsessioner og undervisningstimer kan ikke refunderes efter 14 dage fra k\u00f8bsdatoen. Eventuelle k\u00f8bte coaching-sessioner er gyldige i op til 3 m\u00e5neder fra betalingsdatoen.<\/li>\n<li><span style=\"color: #ff0000;\"> Hvis du ikke har mulighed for at deltage i planlagte session eller undervisning, bedes du foretage afbestilling eller ombooking senest 24 timer f\u00f8r sessionens\/timens start, s\u00e5 jeg har mulighed for at tilbyde tiden til en anden kunde. Afbestilling eller flytning af session\/time kan ske via sms eller besked p\u00e5 Messenger. <\/span><\/li>\n<\/ol>\n<p style=\"padding-left: 40px;\"><em>Ved afbud mindre end 24 timer f\u00f8r sessionens\/timens start eller udeblivelse uden afbud, opkr\u00e6ves sessionens\/timens fulde bel\u00f8b.<\/em><\/p>\n<ol start=\"5\">\n<li>Som coach er Marina Andersen bundet af etiske retningslinjer og adf\u00e6rdskodeks. Brud p\u00e5 fortrolighed er begr\u00e6nset til ekstraordin\u00e6re omst\u00e6ndigheder (n\u00e5r kundens eller andre personers sikkerhed kan v\u00e6re i fare).<\/li>\n<li>Du kan til enhver tid opsige din coaching eller undervisningsforl\u00f8b hos Marina Andersen. Der er ingen binding.<\/li>\n<li>Marina Andersen kan til enhver tid opsige coaching- eller undervisningsforl\u00f8b med en kunde (ved at tilbyde kunden fuld refusion for den forudbetalte session eller undervisningstime).<\/li>\n<li>Muligheden for at booke sessioner og undervisningstimer afh\u00e6nger af tilg\u00e6ngelighed.<\/li>\n<li>Denne hjemmeside indeholder materiale, som ejes af Academic-M\/ Marina Andersen. Dette inkluderer design, layout og grafik. Kopiering er forbudt.<\/li>\n<li>N\u00e5r du bliver coachingkunde hos Marina Andersen, vil dine personlige oplysninger (navn, e-mailadresse, telefonnummer, m.m.) blive opbevaret sikkert. Enhver skriftlig korrespondance, du har med Marina Andersen, vil ogs\u00e5 blive opbevaret fortroligt.<\/li>\n<\/ol>\n\t\t\t\t\t<\/div>\n\t\t\t\t\t\t<\/div>\n\t\t\t\t<\/div>\n\t\t\t\t\t<\/div>\n\t\t\t\t<\/div>\n\t\t\t\t\t\t\t\t\t<\/div>\n\t\t\t<\/div>\n\t\t\t\t\t<\/div>\n\t\t","protected":false},"excerpt":{"rendered":"<p>Vilk\u00e5r og betingelser Vilk\u00e5r og betingelser for Academic-M er g\u00e6ldende fra den 1. juni 2023. Produkter og tjenester tilbydes af: Coach og privatl\u00e6rer Marina Andersen Academic-M info@academic-m.dk tlf. (+45) 60 14 88 35 S\u00f8bakkerne 80 5762 Vester Skerninge Danmark Ved at bruge denne hjemmeside, accepterer du f\u00f8lgende vilk\u00e5r og betingelser. Academic-M kan \u00e6ndre disse vilk\u00e5r [&hellip;]<\/p>\n","protected":false},"author":1,"featured_media":0,"parent":0,"menu_order":0,"comment_status":"closed","ping_status":"closed","template":"","meta":{"_mi_skip_tracking":false,"_monsterinsights_sitenote_active":false,"_monsterinsights_sitenote_note":"","_monsterinsights_sitenote_category":0},"yoast_head":"<!-- This site is optimized with the Yoast SEO plugin v21.8.1 - https:\/\/yoast.com\/wordpress\/plugins\/seo\/ -->\n<title>Vilk\u00e5r og betingelser - Academic M<\/title>\n<meta name=\"robots\" content=\"index, follow, max-snippet:-1, max-image-preview:large, max-video-preview:-1\" \/>\n<link rel=\"canonical\" href=\"https:\/\/academic-m.dk\/da\/vilkaar-og-betingelser\/\" \/>\n<meta property=\"og:locale\" content=\"da_DK\" \/>\n<meta property=\"og:type\" content=\"article\" \/>\n<meta property=\"og:title\" content=\"Vilk\u00e5r og betingelser - Academic M\" \/>\n<meta property=\"og:description\" content=\"Vilk\u00e5r og betingelser Vilk\u00e5r og betingelser for Academic-M er g\u00e6ldende fra den 1. juni 2023. Produkter og tjenester tilbydes af: Coach og privatl\u00e6rer Marina Andersen Academic-M info@academic-m.dk tlf. (+45) 60 14 88 35 S\u00f8bakkerne 80 5762 Vester Skerninge Danmark Ved at bruge denne hjemmeside, accepterer du f\u00f8lgende vilk\u00e5r og betingelser. Academic-M kan \u00e6ndre disse vilk\u00e5r [&hellip;]\" \/>\n<meta property=\"og:url\" content=\"https:\/\/academic-m.dk\/da\/vilkaar-og-betingelser\/\" \/>\n<meta property=\"og:site_name\" content=\"Academic M\" \/>\n<meta property=\"article:modified_time\" content=\"2023-06-24T00:52:36+00:00\" \/>\n<meta name=\"twitter:card\" content=\"summary_large_image\" \/>\n<meta name=\"twitter:label1\" content=\"Estimeret l\u00e6setid\" \/>\n\t<meta name=\"twitter:data1\" content=\"2 minutter\" \/>\n<script type=\"application\/ld+json\" class=\"yoast-schema-graph\">{\"@context\":\"https:\/\/schema.org\",\"@graph\":[{\"@type\":\"WebPage\",\"@id\":\"https:\/\/academic-m.dk\/da\/vilkaar-og-betingelser\/\",\"url\":\"https:\/\/academic-m.dk\/da\/vilkaar-og-betingelser\/\",\"name\":\"Vilk\u00e5r og betingelser - Academic M\",\"isPartOf\":{\"@id\":\"https:\/\/academic-m.dk\/da\/#website\"},\"datePublished\":\"2023-05-15T10:26:37+00:00\",\"dateModified\":\"2023-06-24T00:52:36+00:00\",\"inLanguage\":\"da-DK\",\"potentialAction\":[{\"@type\":\"ReadAction\",\"target\":[\"https:\/\/academic-m.dk\/da\/vilkaar-og-betingelser\/\"]}]},{\"@type\":\"WebSite\",\"@id\":\"https:\/\/academic-m.dk\/da\/#website\",\"url\":\"https:\/\/academic-m.dk\/da\/\",\"name\":\"Academic M\",\"description\":\"\",\"publisher\":{\"@id\":\"https:\/\/academic-m.dk\/da\/#organization\"},\"potentialAction\":[{\"@type\":\"SearchAction\",\"target\":{\"@type\":\"EntryPoint\",\"urlTemplate\":\"https:\/\/academic-m.dk\/da\/?s={search_term_string}\"},\"query-input\":\"required name=search_term_string\"}],\"inLanguage\":\"da-DK\"},{\"@type\":\"Organization\",\"@id\":\"https:\/\/academic-m.dk\/da\/#organization\",\"name\":\"Academic M\",\"url\":\"https:\/\/academic-m.dk\/da\/\",\"logo\":{\"@type\":\"ImageObject\",\"inLanguage\":\"da-DK\",\"@id\":\"https:\/\/academic-m.dk\/da\/#\/schema\/logo\/image\/\",\"url\":\"https:\/\/academic-m.dk\/wp-content\/uploads\/Academic-M-Vandret.svg\",\"contentUrl\":\"https:\/\/academic-m.dk\/wp-content\/uploads\/Academic-M-Vandret.svg\",\"width\":372,\"height\":90,\"caption\":\"Academic M\"},\"image\":{\"@id\":\"https:\/\/academic-m.dk\/da\/#\/schema\/logo\/image\/\"}}]}<\/script>\n<!-- \/ Yoast SEO plugin. -->","yoast_head_json":{"title":"Vilk\u00e5r og betingelser - Academic M","robots":{"index":"index","follow":"follow","max-snippet":"max-snippet:-1","max-image-preview":"max-image-preview:large","max-video-preview":"max-video-preview:-1"},"canonical":"https:\/\/academic-m.dk\/da\/vilkaar-og-betingelser\/","og_locale":"da_DK","og_type":"article","og_title":"Vilk\u00e5r og betingelser - Academic M","og_description":"Vilk\u00e5r og betingelser Vilk\u00e5r og betingelser for Academic-M er g\u00e6ldende fra den 1. juni 2023. Produkter og tjenester tilbydes af: Coach og privatl\u00e6rer Marina Andersen Academic-M info@academic-m.dk tlf. (+45) 60 14 88 35 S\u00f8bakkerne 80 5762 Vester Skerninge Danmark Ved at bruge denne hjemmeside, accepterer du f\u00f8lgende vilk\u00e5r og betingelser. Academic-M kan \u00e6ndre disse vilk\u00e5r [&hellip;]","og_url":"https:\/\/academic-m.dk\/da\/vilkaar-og-betingelser\/","og_site_name":"Academic M","article_modified_time":"2023-06-24T00:52:36+00:00","twitter_card":"summary_large_image","twitter_misc":{"Estimeret l\u00e6setid":"2 minutter"},"schema":{"@context":"https:\/\/schema.org","@graph":[{"@type":"WebPage","@id":"https:\/\/academic-m.dk\/da\/vilkaar-og-betingelser\/","url":"https:\/\/academic-m.dk\/da\/vilkaar-og-betingelser\/","name":"Vilk\u00e5r og betingelser - Academic M","isPartOf":{"@id":"https:\/\/academic-m.dk\/da\/#website"},"datePublished":"2023-05-15T10:26:37+00:00","dateModified":"2023-06-24T00:52:36+00:00","inLanguage":"da-DK","potentialAction":[{"@type":"ReadAction","target":["https:\/\/academic-m.dk\/da\/vilkaar-og-betingelser\/"]}]},{"@type":"WebSite","@id":"https:\/\/academic-m.dk\/da\/#website","url":"https:\/\/academic-m.dk\/da\/","name":"Academic M","description":"","publisher":{"@id":"https:\/\/academic-m.dk\/da\/#organization"},"potentialAction":[{"@type":"SearchAction","target":{"@type":"EntryPoint","urlTemplate":"https:\/\/academic-m.dk\/da\/?s={search_term_string}"},"query-input":"required name=search_term_string"}],"inLanguage":"da-DK"},{"@type":"Organization","@id":"https:\/\/academic-m.dk\/da\/#organization","name":"Academic M","url":"https:\/\/academic-m.dk\/da\/","logo":{"@type":"ImageObject","inLanguage":"da-DK","@id":"https:\/\/academic-m.dk\/da\/#\/schema\/logo\/image\/","url":"https:\/\/academic-m.dk\/wp-content\/uploads\/Academic-M-Vandret.svg","contentUrl":"https:\/\/academic-m.dk\/wp-content\/uploads\/Academic-M-Vandret.svg","width":372,"height":90,"caption":"Academic M"},"image":{"@id":"https:\/\/academic-m.dk\/da\/#\/schema\/logo\/image\/"}}]}},"_links":{"self":[{"href":"https:\/\/academic-m.dk\/da\/wp-json\/wp\/v2\/pages\/1416"}],"collection":[{"href":"https:\/\/academic-m.dk\/da\/wp-json\/wp\/v2\/pages"}],"about":[{"href":"https:\/\/academic-m.dk\/da\/wp-json\/wp\/v2\/types\/page"}],"author":[{"embeddable":true,"href":"https:\/\/academic-m.dk\/da\/wp-json\/wp\/v2\/users\/1"}],"replies":[{"embeddable":true,"href":"https:\/\/academic-m.dk\/da\/wp-json\/wp\/v2\/comments?post=1416"}],"version-history":[{"count":7,"href":"https:\/\/academic-m.dk\/da\/wp-json\/wp\/v2\/pages\/1416\/revisions"}],"predecessor-version":[{"id":1557,"href":"https:\/\/academic-m.dk\/da\/wp-json\/wp\/v2\/pages\/1416\/revisions\/1557"}],"wp:attachment":[{"href":"https:\/\/academic-m.dk\/da\/wp-json\/wp\/v2\/media?parent=1416"}],"curies":[{"name":"wp","href":"https:\/\/api.w.org\/{rel}","templated":true}]}}