{"id":1430,"date":"2019-03-05T08:52:36","date_gmt":"2019-03-05T07:52:36","guid":{"rendered":"https:\/\/academic-m.dk\/forside\/"},"modified":"2024-08-09T22:54:02","modified_gmt":"2024-08-09T20:54:02","slug":"forside","status":"publish","type":"page","link":"https:\/\/academic-m.dk\/da\/","title":{"rendered":"Forside"},"content":{"rendered":"\t\t<div data-elementor-type=\"wp-post\" data-elementor-id=\"1430\" class=\"elementor elementor-1430 elementor-2\">\n\t\t\t\t\t\t<div class=\"elementor-inner\">\n\t\t\t\t<div class=\"elementor-section-wrap\">\n\t\t\t\t\t\t\t<div class=\"elementor-element elementor-element-6e5c4b2 e-flex e-con-boxed e-con\" data-id=\"6e5c4b2\" data-element_type=\"container\" data-settings=\"{&quot;background_background&quot;:&quot;video&quot;,&quot;background_video_link&quot;:&quot;https:\\\/\\\/academic-m.dk\\\/wp-content\\\/uploads\\\/Academic-M-counseling-video.m4v&quot;,&quot;background_play_on_mobile&quot;:&quot;yes&quot;,&quot;content_width&quot;:&quot;boxed&quot;}\">\n\t\t\t\t\t<div class=\"e-con-inner\">\n\t\t<div class=\"elementor-background-video-container\">\n\t\t\t\t\t\t\t<video class=\"elementor-background-video-hosted elementor-html5-video\" autoplay muted playsinline loop><\/video>\n\t\t\t\t\t<\/div>\t\t\t<\/div>\n\t\t\t\t<\/div>\n\t\t<div class=\"elementor-element elementor-element-f21243c e-flex e-con-boxed e-con\" data-id=\"f21243c\" data-element_type=\"container\" data-settings=\"{&quot;content_width&quot;:&quot;boxed&quot;}\">\n\t\t\t\t\t<div class=\"e-con-inner\">\n\t\t<div class=\"elementor-element elementor-element-f817a27 e-flex e-con-boxed e-con\" data-id=\"f817a27\" data-element_type=\"container\" data-settings=\"{&quot;background_background&quot;:&quot;classic&quot;,&quot;content_width&quot;:&quot;boxed&quot;}\">\n\t\t\t\t\t<div class=\"e-con-inner\">\n\t\t\t\t<div class=\"elementor-element elementor-element-750d9a0 elementor-widget elementor-widget-heading\" data-id=\"750d9a0\" data-element_type=\"widget\" data-widget_type=\"heading.default\">\n\t\t\t\t\t\t<div class=\"elementor-widget-container\">\n\t\t\t<h1 class=\"elementor-heading-title elementor-size-default\">Coaching for teens og voksne <br>hos coach Marina Andersen<\/h1>\t\t<\/div>\n\t\t\t\t<\/div>\n\t\t\t\t\t<\/div>\n\t\t\t\t<\/div>\n\t\t\t\t\t<\/div>\n\t\t\t\t<\/div>\n\t\t<div class=\"elementor-element elementor-element-01dd143 e-flex e-con-boxed e-con\" data-id=\"01dd143\" data-element_type=\"container\" data-settings=\"{&quot;content_width&quot;:&quot;boxed&quot;}\">\n\t\t\t\t\t<div class=\"e-con-inner\">\n\t\t<div class=\"elementor-element elementor-element-f30234d e-con-full e-flex e-con\" data-id=\"f30234d\" data-element_type=\"container\" data-settings=\"{&quot;content_width&quot;:&quot;full&quot;}\">\n\t\t\t\t<div class=\"elementor-element elementor-element-5f8396a elementor-widget elementor-widget-heading\" data-id=\"5f8396a\" data-element_type=\"widget\" data-widget_type=\"heading.default\">\n\t\t\t\t\t\t<div class=\"elementor-widget-container\">\n\t\t\t<h2 class=\"elementor-heading-title elementor-size-default\">Personlig v\u00e6kst og velbefindende<\/h2>\t\t<\/div>\n\t\t\t\t<\/div>\n\t\t\t\t<div class=\"elementor-element elementor-element-a50a88d elementor-widget elementor-widget-text-editor\" data-id=\"a50a88d\" data-element_type=\"widget\" data-widget_type=\"text-editor.default\">\n\t\t\t\t\t\t<div class=\"elementor-widget-container\">\n\t\t\t\t\t\t\t\t<div class=\"elementor-text-editor elementor-clearfix\">\n\t\t\t\t<p>Hej,<br \/>Mit navn er Marina Andersen, jeg ejer Academic-M; lige nu arbejder jeg som privatunderviser og coach. Jeg hj\u00e6lper mennesker med at forbedre deres mentale helbred, finde fokus og overvinde frygt.<\/p>\t\t\t\t\t<\/div>\n\t\t\t\t\t\t<\/div>\n\t\t\t\t<\/div>\n\t\t\t\t<div class=\"elementor-element elementor-element-b8dd284 elementor-widget elementor-widget-heading\" data-id=\"b8dd284\" data-element_type=\"widget\" data-widget_type=\"heading.default\">\n\t\t\t\t\t\t<div class=\"elementor-widget-container\">\n\t\t\t<p class=\"elementor-heading-title elementor-size-default\">Mit m\u00e5l:<\/p>\t\t<\/div>\n\t\t\t\t<\/div>\n\t\t\t\t<div class=\"elementor-element elementor-element-56b1de7 elementor-widget elementor-widget-text-editor\" data-id=\"56b1de7\" data-element_type=\"widget\" data-widget_type=\"text-editor.default\">\n\t\t\t\t\t\t<div class=\"elementor-widget-container\">\n\t\t\t\t\t\t\t\t<div class=\"elementor-text-editor elementor-clearfix\">\n\t\t\t\t<p>At g\u00f8re dit liv lettere og lykkeligere.<\/p>\n\t\t\t\t\t<\/div>\n\t\t\t\t\t\t<\/div>\n\t\t\t\t<\/div>\n\t\t\t\t<div class=\"elementor-element elementor-element-bc5d04c elementor-widget elementor-widget-heading\" data-id=\"bc5d04c\" data-element_type=\"widget\" data-widget_type=\"heading.default\">\n\t\t\t\t\t\t<div class=\"elementor-widget-container\">\n\t\t\t<p class=\"elementor-heading-title elementor-size-default\">Min mission:<\/p>\t\t<\/div>\n\t\t\t\t<\/div>\n\t\t\t\t<div class=\"elementor-element elementor-element-c73e33a elementor-widget elementor-widget-text-editor\" data-id=\"c73e33a\" data-element_type=\"widget\" data-widget_type=\"text-editor.default\">\n\t\t\t\t\t\t<div class=\"elementor-widget-container\">\n\t\t\t\t\t\t\t\t<div class=\"elementor-text-editor elementor-clearfix\">\n\t\t\t\t<p>At hj\u00e6lpe dig med at opn\u00e5 mentalt og fysisk velv\u00e6re ved at udfordre dine gamle adf\u00e6rdsm\u00f8nstre og overbevisninger og undervise dig om diverse tilstande.<\/p><p>Ved hj\u00e6lp af nye og unikke metoder hj\u00e6lper jeg dig med at l\u00f8se kroniske problemer, mens du l\u00e6rer at identificere og fjerne stressfaktorer og opbygge nye f\u00e6rdigheder. Du kan anvende disse effektive v\u00e6rkt\u00f8jer p\u00e5 n\u00e6sten alle omr\u00e5der af dit liv.<\/p><p>K\u00e6rlig hilsen, Marina<\/p>\t\t\t\t\t<\/div>\n\t\t\t\t\t\t<\/div>\n\t\t\t\t<\/div>\n\t\t\t\t<div class=\"elementor-element elementor-element-21d7680 elementor-mobile-align-center elementor-widget elementor-widget-button\" data-id=\"21d7680\" data-element_type=\"widget\" data-widget_type=\"button.default\">\n\t\t\t\t\t\t<div class=\"elementor-widget-container\">\n\t\t\t\t\t<div class=\"elementor-button-wrapper\">\n\t\t\t<a class=\"elementor-button elementor-button-link elementor-size-sm\" href=\"https:\/\/academic-m.dk\/about\/\">\n\t\t\t\t\t\t<span class=\"elementor-button-content-wrapper\">\n\t\t\t\t\t\t<span class=\"elementor-button-text\">Om mig<\/span>\n\t\t<\/span>\n\t\t\t\t\t<\/a>\n\t\t<\/div>\n\t\t\t\t<\/div>\n\t\t\t\t<\/div>\n\t\t\t\t<\/div>\n\t\t<div class=\"elementor-element elementor-element-316dcd8 e-con-full e-flex e-con\" data-id=\"316dcd8\" data-element_type=\"container\" data-settings=\"{&quot;content_width&quot;:&quot;full&quot;}\">\n\t\t<div class=\"elementor-element elementor-element-ec295c8 e-con-full e-flex e-con\" data-id=\"ec295c8\" data-element_type=\"container\" data-settings=\"{&quot;content_width&quot;:&quot;full&quot;}\">\n\t\t\t\t<div class=\"elementor-element elementor-element-18d9df4 elementor-widget elementor-widget-image\" data-id=\"18d9df4\" data-element_type=\"widget\" data-widget_type=\"image.default\">\n\t\t\t\t\t\t<div class=\"elementor-widget-container\">\n\t\t\t\t\t\t\t\t<div class=\"elementor-image\">\n\t\t\t\t\t\t\t\t\t\t\t\t<img decoding=\"async\" src=\"https:\/\/academic-m.dk\/wp-content\/uploads\/elementor\/thumbs\/DSC_1081-2-scaled-q7xt5qpraax7xnh7ult865gsol25qio0vbpcx9d2vc.jpg\" title=\"DSC_1081-2\" alt=\"DSC_1081-2\" loading=\"lazy\" \/>\t\t\t\t\t\t\t\t\t\t\t\t\t\t<\/div>\n\t\t\t\t\t\t<\/div>\n\t\t\t\t<\/div>\n\t\t\t\t<\/div>\n\t\t\t\t<div class=\"elementor-element elementor-element-30fe51d elementor-widget elementor-widget-heading\" data-id=\"30fe51d\" data-element_type=\"widget\" data-widget_type=\"heading.default\">\n\t\t\t\t\t\t<div class=\"elementor-widget-container\">\n\t\t\t<p class=\"elementor-heading-title elementor-size-default\">Coach Marina Andersen<\/p>\t\t<\/div>\n\t\t\t\t<\/div>\n\t\t\t\t<\/div>\n\t\t\t\t\t<\/div>\n\t\t\t\t<\/div>\n\t\t<div class=\"elementor-element elementor-element-4c89cba e-flex e-con-boxed e-con\" data-id=\"4c89cba\" data-element_type=\"container\" data-settings=\"{&quot;content_width&quot;:&quot;boxed&quot;}\">\n\t\t\t\t\t<div class=\"e-con-inner\">\n\t\t<div class=\"elementor-element elementor-element-d17eea8 e-con-full e-flex e-con\" data-id=\"d17eea8\" data-element_type=\"container\" data-settings=\"{&quot;content_width&quot;:&quot;full&quot;}\">\n\t\t<div class=\"elementor-element elementor-element-b5c79fb e-flex e-con-boxed e-con\" data-id=\"b5c79fb\" data-element_type=\"container\" data-settings=\"{&quot;content_width&quot;:&quot;boxed&quot;}\">\n\t\t\t\t\t<div class=\"e-con-inner\">\n\t\t<div class=\"elementor-element elementor-element-06ada35 e-flex e-con-boxed e-con\" data-id=\"06ada35\" data-element_type=\"container\" data-settings=\"{&quot;content_width&quot;:&quot;boxed&quot;}\">\n\t\t\t\t\t<div class=\"e-con-inner\">\n\t\t\t\t<div class=\"elementor-element elementor-element-7e2eb5d elementor-icon-list--layout-traditional elementor-list-item-link-full_width elementor-widget elementor-widget-icon-list\" data-id=\"7e2eb5d\" data-element_type=\"widget\" data-widget_type=\"icon-list.default\">\n\t\t\t\t\t\t<div class=\"elementor-widget-container\">\n\t\t\t\t\t<ul class=\"elementor-icon-list-items\">\n\t\t\t\t\t\t\t<li class=\"elementor-icon-list-item\">\n\t\t\t\t\t\t\t\t\t\t\t<span class=\"elementor-icon-list-icon\">\n\t\t\t\t\t\t\t<i aria-hidden=\"true\" class=\"fas fa-users-slash\"><\/i>\t\t\t\t\t\t<\/span>\n\t\t\t\t\t\t\t\t\t\t<span class=\"elementor-icon-list-text\">Sociale relationer<\/span>\n\t\t\t\t\t\t\t\t\t<\/li>\n\t\t\t\t\t\t\t\t<li class=\"elementor-icon-list-item\">\n\t\t\t\t\t\t\t\t\t\t\t<span class=\"elementor-icon-list-icon\">\n\t\t\t\t\t\t\t<i aria-hidden=\"true\" class=\"fas fa-heartbeat\"><\/i>\t\t\t\t\t\t<\/span>\n\t\t\t\t\t\t\t\t\t\t<span class=\"elementor-icon-list-text\">Helbred<\/span>\n\t\t\t\t\t\t\t\t\t<\/li>\n\t\t\t\t\t\t\t\t<li class=\"elementor-icon-list-item\">\n\t\t\t\t\t\t\t\t\t\t\t<span class=\"elementor-icon-list-icon\">\n\t\t\t\t\t\t\t<i aria-hidden=\"true\" class=\"fas fa-pencil-alt\"><\/i>\t\t\t\t\t\t<\/span>\n\t\t\t\t\t\t\t\t\t\t<span class=\"elementor-icon-list-text\">Studie\/karriere<\/span>\n\t\t\t\t\t\t\t\t\t<\/li>\n\t\t\t\t\t\t\t\t<li class=\"elementor-icon-list-item\">\n\t\t\t\t\t\t\t\t\t\t\t<span class=\"elementor-icon-list-icon\">\n\t\t\t\t\t\t\t<i aria-hidden=\"true\" class=\"fas fa-cloud-drizzle\"><\/i>\t\t\t\t\t\t<\/span>\n\t\t\t\t\t\t\t\t\t\t<span class=\"elementor-icon-list-text\">Angst\/udbr\u00e6ndthed<\/span>\n\t\t\t\t\t\t\t\t\t<\/li>\n\t\t\t\t\t\t\t\t<li class=\"elementor-icon-list-item\">\n\t\t\t\t\t\t\t\t\t\t\t<span class=\"elementor-icon-list-icon\">\n\t\t\t\t\t\t\t<i aria-hidden=\"true\" class=\"fas fa-bolt\"><\/i>\t\t\t\t\t\t<\/span>\n\t\t\t\t\t\t\t\t\t\t<span class=\"elementor-icon-list-text\">Livs\u00e6ndringer<\/span>\n\t\t\t\t\t\t\t\t\t<\/li>\n\t\t\t\t\t\t\t\t<li class=\"elementor-icon-list-item\">\n\t\t\t\t\t\t\t\t\t\t\t<span class=\"elementor-icon-list-icon\">\n\t\t\t\t\t\t\t<i aria-hidden=\"true\" class=\"fas fa-carrot\"><\/i>\t\t\t\t\t\t<\/span>\n\t\t\t\t\t\t\t\t\t\t<span class=\"elementor-icon-list-text\">Spiseforstyrrelser<\/span>\n\t\t\t\t\t\t\t\t\t<\/li>\n\t\t\t\t\t\t\t\t<li class=\"elementor-icon-list-item\">\n\t\t\t\t\t\t\t\t\t\t\t<span class=\"elementor-icon-list-icon\">\n\t\t\t\t\t\t\t<i aria-hidden=\"true\" class=\"fas fa-sad-tear\"><\/i>\t\t\t\t\t\t<\/span>\n\t\t\t\t\t\t\t\t\t\t<span class=\"elementor-icon-list-text\">Lavt selvv\u00e6rd<\/span>\n\t\t\t\t\t\t\t\t\t<\/li>\n\t\t\t\t\t\t<\/ul>\n\t\t\t\t<\/div>\n\t\t\t\t<\/div>\n\t\t\t\t\t<\/div>\n\t\t\t\t<\/div>\n\t\t\t\t\t<\/div>\n\t\t\t\t<\/div>\n\t\t\t\t<\/div>\n\t\t<div class=\"elementor-element elementor-element-628e53f e-con-full e-flex e-con\" data-id=\"628e53f\" data-element_type=\"container\" data-settings=\"{&quot;content_width&quot;:&quot;full&quot;}\">\n\t\t\t\t<div class=\"elementor-element elementor-element-e0f80d7 elementor-widget elementor-widget-heading\" data-id=\"e0f80d7\" data-element_type=\"widget\" data-widget_type=\"heading.default\">\n\t\t\t\t\t\t<div class=\"elementor-widget-container\">\n\t\t\t<h2 class=\"elementor-heading-title elementor-size-default\">Coaching omr\u00e5der<\/h2>\t\t<\/div>\n\t\t\t\t<\/div>\n\t\t\t\t<div class=\"elementor-element elementor-element-7c85470 elementor-widget elementor-widget-text-editor\" data-id=\"7c85470\" data-element_type=\"widget\" data-widget_type=\"text-editor.default\">\n\t\t\t\t\t\t<div class=\"elementor-widget-container\">\n\t\t\t\t\t\t\t\t<div class=\"elementor-text-editor elementor-clearfix\">\n\t\t\t\t<p>Som coach forst\u00e5r jeg de mange forskellige udfordringer, du kan m\u00f8de gennem livet. Vi g\u00e5r alle igennem sv\u00e6re tider. Min tilgang er at behandle hvert enkelt tilf\u00e6lde med det h\u00f8jeste niveau af omsorg og empati. Jeg hj\u00e6lper dig med at opn\u00e5 klarhed og fokusere din tankegang \u2013 sammen finder vi den mest hensigtsm\u00e6ssige l\u00f8sning og laver en langsigtet plan. Jeg hj\u00e6lper dig med at forst\u00e5, hvad eller hvem der holder dig tilbage, hj\u00e6lper dig med at h\u00e5ndtere forandringer og udvikle din evne til at skabe balance mellem krav og \u00f8nsker. Det vil \u00f8ge bevidstheden om dine egne tanker\/f\u00f8lelser, forbedre professionelle og personlige relationer og styrke din selvtillid.<\/p><p>De mest benyttede omr\u00e5der inden for coaching er: mental og fysisk sundhed, livs\u00e6ndringer, \u00f8konomiske udfordringer, forhold til sig selv og omverdenen.<\/p><p>Jeg giver dig mulighed for at tage en 360 graders gennemgang af dit liv for at identificere omr\u00e5der, der kan forbedres.<\/p>\t\t\t\t\t<\/div>\n\t\t\t\t\t\t<\/div>\n\t\t\t\t<\/div>\n\t\t\t\t<div class=\"elementor-element elementor-element-40508e1 elementor-mobile-align-center elementor-widget elementor-widget-button\" data-id=\"40508e1\" data-element_type=\"widget\" data-widget_type=\"button.default\">\n\t\t\t\t\t\t<div class=\"elementor-widget-container\">\n\t\t\t\t\t<div class=\"elementor-button-wrapper\">\n\t\t\t<a class=\"elementor-button elementor-button-link elementor-size-sm\" href=\"https:\/\/system.easypractice.net\/book\/academic-m\" target=\"_blank\">\n\t\t\t\t\t\t<span class=\"elementor-button-content-wrapper\">\n\t\t\t\t\t\t<span class=\"elementor-button-text\">Book en session for at komme i gang<\/span>\n\t\t<\/span>\n\t\t\t\t\t<\/a>\n\t\t<\/div>\n\t\t\t\t<\/div>\n\t\t\t\t<\/div>\n\t\t\t\t<\/div>\n\t\t\t\t\t<\/div>\n\t\t\t\t<\/div>\n\t\t<div class=\"elementor-element elementor-element-6618490 e-flex e-con-boxed e-con\" data-id=\"6618490\" data-element_type=\"container\" data-settings=\"{&quot;content_width&quot;:&quot;boxed&quot;}\">\n\t\t\t\t\t<div class=\"e-con-inner\">\n\t\t<div class=\"elementor-element elementor-element-9826ed5 e-con-full e-flex e-con\" data-id=\"9826ed5\" data-element_type=\"container\" data-settings=\"{&quot;content_width&quot;:&quot;full&quot;}\">\n\t\t\t\t<div class=\"elementor-element elementor-element-2f94f4d elementor-widget elementor-widget-heading\" data-id=\"2f94f4d\" data-element_type=\"widget\" data-widget_type=\"heading.default\">\n\t\t\t\t\t\t<div class=\"elementor-widget-container\">\n\t\t\t<h2 class=\"elementor-heading-title elementor-size-default\">Tilmeld dig min popul\u00e6re st\u00f8ttegruppe<\/h2>\t\t<\/div>\n\t\t\t\t<\/div>\n\t\t\t\t<div class=\"elementor-element elementor-element-5701631 elementor-widget elementor-widget-text-editor\" data-id=\"5701631\" data-element_type=\"widget\" data-widget_type=\"text-editor.default\">\n\t\t\t\t\t\t<div class=\"elementor-widget-container\">\n\t\t\t\t\t\t\t\t<div class=\"elementor-text-editor elementor-clearfix\">\n\t\t\t\t<p>Min Anxiety Support Facebookgruppe er et v\u00e6rdifuldt online f\u00e6llesskab designet til at hj\u00e6lpe alle, der k\u00e6mper med angst-relaterede problemer. Ved at deltage i denne gruppe kan du komme i kontakt med mennesker, som har lignende udfordringer. Gruppen er modereret af mig og formidler tips og v\u00e6rkt\u00f8jer, som hj\u00e6lper dig med at h\u00e5ndtere dine angst symptomer og opbygge velv\u00e6re.<\/p>\n<p>Denne Facebookgruppe har en r\u00e6kke fordele: det er et sikkert og im\u00f8dekommende sted, hvor du kan fort\u00e6lle om din kamp mod angst, f\u00e5 opbakning og l\u00e6re af andres erfaringer. Desuden giver gruppen dig mulighed for at forbedre dine kommunikationsevner, opbygge selvtillid, reducere isolation og ensomhed og opn\u00e5 en f\u00f8lelse af empowerment. At deltage i dette online-f\u00e6llesskab kan v\u00e6re en effektiv m\u00e5de at s\u00f8ge f\u00f8lelsesm\u00e6ssig st\u00f8tte p\u00e5, skabe personlig udvikling og reducere angstsymptomer, hvilket fremmer mental sundhed og forbedrer livskvalitet.<\/p>\n\t\t\t\t\t<\/div>\n\t\t\t\t\t\t<\/div>\n\t\t\t\t<\/div>\n\t\t\t\t<div class=\"elementor-element elementor-element-47c8144 elementor-mobile-align-center elementor-widget elementor-widget-button\" data-id=\"47c8144\" data-element_type=\"widget\" data-widget_type=\"button.default\">\n\t\t\t\t\t\t<div class=\"elementor-widget-container\">\n\t\t\t\t\t<div class=\"elementor-button-wrapper\">\n\t\t\t<a class=\"elementor-button elementor-button-link elementor-size-sm\" href=\"https:\/\/www.facebook.com\/groups\/1256852221773664\" target=\"_blank\">\n\t\t\t\t\t\t<span class=\"elementor-button-content-wrapper\">\n\t\t\t\t\t\t<span class=\"elementor-button-icon elementor-align-icon-right\">\n\t\t\t\t<i aria-hidden=\"true\" class=\"fab fa-facebook-square\"><\/i>\t\t\t<\/span>\n\t\t\t\t\t\t<span class=\"elementor-button-text\">Tilmeld dig min facebookgruppe<\/span>\n\t\t<\/span>\n\t\t\t\t\t<\/a>\n\t\t<\/div>\n\t\t\t\t<\/div>\n\t\t\t\t<\/div>\n\t\t\t\t<\/div>\n\t\t<div class=\"elementor-element elementor-element-e082c50 e-con-full e-flex e-con\" data-id=\"e082c50\" data-element_type=\"container\" data-settings=\"{&quot;content_width&quot;:&quot;full&quot;}\">\n\t\t<div class=\"elementor-element elementor-element-d980850 e-con-full e-flex e-con\" data-id=\"d980850\" data-element_type=\"container\" data-settings=\"{&quot;content_width&quot;:&quot;full&quot;}\">\n\t\t\t\t<div class=\"elementor-element elementor-element-ef8f2ba elementor-widget elementor-widget-image\" data-id=\"ef8f2ba\" data-element_type=\"widget\" data-widget_type=\"image.default\">\n\t\t\t\t\t\t<div class=\"elementor-widget-container\">\n\t\t\t\t\t\t\t\t<div class=\"elementor-image\">\n\t\t\t\t\t\t\t\t\t\t\t\t<img decoding=\"async\" src=\"https:\/\/academic-m.dk\/wp-content\/uploads\/elementor\/thumbs\/DSC_1085-2-scaled-q7xt5slfnyzskvehjmmhb4zpvcsw5wvhjl0bvtaaiw.jpg\" title=\"DSC_1085-2\" alt=\"DSC_1085-2\" loading=\"lazy\" \/>\t\t\t\t\t\t\t\t\t\t\t\t\t\t<\/div>\n\t\t\t\t\t\t<\/div>\n\t\t\t\t<\/div>\n\t\t\t\t<\/div>\n\t\t\t\t<div class=\"elementor-element elementor-element-ea88a68 elementor-widget elementor-widget-heading\" data-id=\"ea88a68\" data-element_type=\"widget\" data-widget_type=\"heading.default\">\n\t\t\t\t\t\t<div class=\"elementor-widget-container\">\n\t\t\t<p class=\"elementor-heading-title elementor-size-default\">\"Uddan dig selv om din tilstand for at h\u00e5ndtere angst. Det kan hj\u00e6lpe dig med at f\u00e5 det bedre og opn\u00e5 en succesfuld bedring.\"<\/p>\t\t<\/div>\n\t\t\t\t<\/div>\n\t\t\t\t<\/div>\n\t\t\t\t\t<\/div>\n\t\t\t\t<\/div>\n\t\t\t\t\t\t\t\t\t<\/div>\n\t\t\t<\/div>\n\t\t\t\t\t<\/div>\n\t\t","protected":false},"excerpt":{"rendered":"<p>Coaching for teens og voksne hos coach Marina Andersen Personlig v\u00e6kst og velbefindende Hej,Mit navn er Marina Andersen, jeg ejer Academic-M; lige nu arbejder jeg som privatunderviser og coach. Jeg hj\u00e6lper mennesker med at forbedre deres mentale helbred, finde fokus og overvinde frygt. Mit m\u00e5l: At g\u00f8re dit liv lettere og lykkeligere. Min mission: At [&hellip;]<\/p>\n","protected":false},"author":1,"featured_media":0,"parent":0,"menu_order":0,"comment_status":"closed","ping_status":"closed","template":"","meta":{"_mi_skip_tracking":false,"_monsterinsights_sitenote_active":false,"_monsterinsights_sitenote_note":"","_monsterinsights_sitenote_category":0},"yoast_head":"<!-- This site is optimized with the Yoast SEO plugin v21.8.1 - https:\/\/yoast.com\/wordpress\/plugins\/seo\/ -->\n<title>Forside - Academic M<\/title>\n<meta name=\"robots\" content=\"index, follow, max-snippet:-1, max-image-preview:large, max-video-preview:-1\" \/>\n<link rel=\"canonical\" href=\"https:\/\/academic-m.dk\/da\/\" \/>\n<meta property=\"og:locale\" content=\"da_DK\" \/>\n<meta property=\"og:type\" content=\"article\" \/>\n<meta property=\"og:title\" content=\"Forside - Academic M\" \/>\n<meta property=\"og:description\" content=\"Coaching for teens og voksne hos coach Marina Andersen Personlig v\u00e6kst og velbefindende Hej,Mit navn er Marina Andersen, jeg ejer Academic-M; lige nu arbejder jeg som privatunderviser og coach. Jeg hj\u00e6lper mennesker med at forbedre deres mentale helbred, finde fokus og overvinde frygt. Mit m\u00e5l: At g\u00f8re dit liv lettere og lykkeligere. Min mission: At [&hellip;]\" \/>\n<meta property=\"og:url\" content=\"https:\/\/academic-m.dk\/da\/\" \/>\n<meta property=\"og:site_name\" content=\"Academic M\" \/>\n<meta property=\"article:modified_time\" content=\"2024-08-09T20:54:02+00:00\" \/>\n<meta property=\"og:image\" content=\"https:\/\/academic-m.dk\/wp-content\/uploads\/elementor\/thumbs\/DSC_1081-2-scaled-q7xt5qpraax7xnh7ult865gsol25qio0vbpcx9d2vc.jpg\" \/>\n<meta name=\"twitter:card\" content=\"summary_large_image\" \/>\n<meta name=\"twitter:label1\" content=\"Estimeret l\u00e6setid\" \/>\n\t<meta name=\"twitter:data1\" content=\"3 minutter\" \/>\n<script type=\"application\/ld+json\" class=\"yoast-schema-graph\">{\"@context\":\"https:\/\/schema.org\",\"@graph\":[{\"@type\":\"WebPage\",\"@id\":\"https:\/\/academic-m.dk\/da\/\",\"url\":\"https:\/\/academic-m.dk\/da\/\",\"name\":\"Forside - Academic M\",\"isPartOf\":{\"@id\":\"https:\/\/academic-m.dk\/da\/#website\"},\"datePublished\":\"2019-03-05T07:52:36+00:00\",\"dateModified\":\"2024-08-09T20:54:02+00:00\",\"inLanguage\":\"da-DK\",\"potentialAction\":[{\"@type\":\"ReadAction\",\"target\":[\"https:\/\/academic-m.dk\/da\/\"]}]},{\"@type\":\"WebSite\",\"@id\":\"https:\/\/academic-m.dk\/da\/#website\",\"url\":\"https:\/\/academic-m.dk\/da\/\",\"name\":\"Academic M\",\"description\":\"\",\"publisher\":{\"@id\":\"https:\/\/academic-m.dk\/da\/#organization\"},\"potentialAction\":[{\"@type\":\"SearchAction\",\"target\":{\"@type\":\"EntryPoint\",\"urlTemplate\":\"https:\/\/academic-m.dk\/da\/?s={search_term_string}\"},\"query-input\":\"required name=search_term_string\"}],\"inLanguage\":\"da-DK\"},{\"@type\":\"Organization\",\"@id\":\"https:\/\/academic-m.dk\/da\/#organization\",\"name\":\"Academic M\",\"url\":\"https:\/\/academic-m.dk\/da\/\",\"logo\":{\"@type\":\"ImageObject\",\"inLanguage\":\"da-DK\",\"@id\":\"https:\/\/academic-m.dk\/da\/#\/schema\/logo\/image\/\",\"url\":\"https:\/\/academic-m.dk\/wp-content\/uploads\/Academic-M-Vandret.svg\",\"contentUrl\":\"https:\/\/academic-m.dk\/wp-content\/uploads\/Academic-M-Vandret.svg\",\"width\":372,\"height\":90,\"caption\":\"Academic M\"},\"image\":{\"@id\":\"https:\/\/academic-m.dk\/da\/#\/schema\/logo\/image\/\"}}]}<\/script>\n<!-- \/ Yoast SEO plugin. -->","yoast_head_json":{"title":"Forside - Academic M","robots":{"index":"index","follow":"follow","max-snippet":"max-snippet:-1","max-image-preview":"max-image-preview:large","max-video-preview":"max-video-preview:-1"},"canonical":"https:\/\/academic-m.dk\/da\/","og_locale":"da_DK","og_type":"article","og_title":"Forside - Academic M","og_description":"Coaching for teens og voksne hos coach Marina Andersen Personlig v\u00e6kst og velbefindende Hej,Mit navn er Marina Andersen, jeg ejer Academic-M; lige nu arbejder jeg som privatunderviser og coach. Jeg hj\u00e6lper mennesker med at forbedre deres mentale helbred, finde fokus og overvinde frygt. Mit m\u00e5l: At g\u00f8re dit liv lettere og lykkeligere. Min mission: At [&hellip;]","og_url":"https:\/\/academic-m.dk\/da\/","og_site_name":"Academic M","article_modified_time":"2024-08-09T20:54:02+00:00","og_image":[{"url":"https:\/\/academic-m.dk\/wp-content\/uploads\/elementor\/thumbs\/DSC_1081-2-scaled-q7xt5qpraax7xnh7ult865gsol25qio0vbpcx9d2vc.jpg"}],"twitter_card":"summary_large_image","twitter_misc":{"Estimeret l\u00e6setid":"3 minutter"},"schema":{"@context":"https:\/\/schema.org","@graph":[{"@type":"WebPage","@id":"https:\/\/academic-m.dk\/da\/","url":"https:\/\/academic-m.dk\/da\/","name":"Forside - Academic M","isPartOf":{"@id":"https:\/\/academic-m.dk\/da\/#website"},"datePublished":"2019-03-05T07:52:36+00:00","dateModified":"2024-08-09T20:54:02+00:00","inLanguage":"da-DK","potentialAction":[{"@type":"ReadAction","target":["https:\/\/academic-m.dk\/da\/"]}]},{"@type":"WebSite","@id":"https:\/\/academic-m.dk\/da\/#website","url":"https:\/\/academic-m.dk\/da\/","name":"Academic M","description":"","publisher":{"@id":"https:\/\/academic-m.dk\/da\/#organization"},"potentialAction":[{"@type":"SearchAction","target":{"@type":"EntryPoint","urlTemplate":"https:\/\/academic-m.dk\/da\/?s={search_term_string}"},"query-input":"required name=search_term_string"}],"inLanguage":"da-DK"},{"@type":"Organization","@id":"https:\/\/academic-m.dk\/da\/#organization","name":"Academic M","url":"https:\/\/academic-m.dk\/da\/","logo":{"@type":"ImageObject","inLanguage":"da-DK","@id":"https:\/\/academic-m.dk\/da\/#\/schema\/logo\/image\/","url":"https:\/\/academic-m.dk\/wp-content\/uploads\/Academic-M-Vandret.svg","contentUrl":"https:\/\/academic-m.dk\/wp-content\/uploads\/Academic-M-Vandret.svg","width":372,"height":90,"caption":"Academic M"},"image":{"@id":"https:\/\/academic-m.dk\/da\/#\/schema\/logo\/image\/"}}]}},"_links":{"self":[{"href":"https:\/\/academic-m.dk\/da\/wp-json\/wp\/v2\/pages\/1430"}],"collection":[{"href":"https:\/\/academic-m.dk\/da\/wp-json\/wp\/v2\/pages"}],"about":[{"href":"https:\/\/academic-m.dk\/da\/wp-json\/wp\/v2\/types\/page"}],"author":[{"embeddable":true,"href":"https:\/\/academic-m.dk\/da\/wp-json\/wp\/v2\/users\/1"}],"replies":[{"embeddable":true,"href":"https:\/\/academic-m.dk\/da\/wp-json\/wp\/v2\/comments?post=1430"}],"version-history":[{"count":58,"href":"https:\/\/academic-m.dk\/da\/wp-json\/wp\/v2\/pages\/1430\/revisions"}],"predecessor-version":[{"id":1685,"href":"https:\/\/academic-m.dk\/da\/wp-json\/wp\/v2\/pages\/1430\/revisions\/1685"}],"wp:attachment":[{"href":"https:\/\/academic-m.dk\/da\/wp-json\/wp\/v2\/media?parent=1430"}],"curies":[{"name":"wp","href":"https:\/\/api.w.org\/{rel}","templated":true}]}}